{"id":1683,"date":"2024-12-31T16:08:42","date_gmt":"2024-12-31T15:08:42","guid":{"rendered":"https:\/\/archiviodistatodinuoro.cultura.gov.it\/?page_id=1683"},"modified":"2025-01-07T12:06:43","modified_gmt":"2025-01-07T11:06:43","slug":"pnrr-next-generation-eu","status":"publish","type":"page","link":"https:\/\/archiviodistatodinuoro.cultura.gov.it\/?page_id=1683","title":{"rendered":"PNRR &#8211; Next Generation EU"},"content":{"rendered":"\n<div class=\"wp-block-group is-nowrap is-layout-flex wp-container-core-group-is-layout-ad2f72ca wp-block-group-is-layout-flex\">\n<figure class=\"wp-block-image size-large is-resized\"><a href=\"https:\/\/next-generation-eu.europa.eu\/index_it\" target=\"_blank\" rel=\" noreferrer noopener\"><img fetchpriority=\"high\" decoding=\"async\" width=\"1024\" height=\"257\" src=\"http:\/\/archiviodistatodinuoro.cultura.gov.it\/wp-content\/uploads\/2024\/12\/IT-Finanziato-dall-Unione-europea-1024x257.jpg\" alt=\"\" class=\"wp-image-1701\" style=\"width:350px;height:auto\" srcset=\"https:\/\/archiviodistatodinuoro.cultura.gov.it\/wp-content\/uploads\/2024\/12\/IT-Finanziato-dall-Unione-europea-1024x257.jpg 1024w, https:\/\/archiviodistatodinuoro.cultura.gov.it\/wp-content\/uploads\/2024\/12\/IT-Finanziato-dall-Unione-europea-300x75.jpg 300w, https:\/\/archiviodistatodinuoro.cultura.gov.it\/wp-content\/uploads\/2024\/12\/IT-Finanziato-dall-Unione-europea-768x193.jpg 768w, https:\/\/archiviodistatodinuoro.cultura.gov.it\/wp-content\/uploads\/2024\/12\/IT-Finanziato-dall-Unione-europea-1536x386.jpg 1536w, https:\/\/archiviodistatodinuoro.cultura.gov.it\/wp-content\/uploads\/2024\/12\/IT-Finanziato-dall-Unione-europea-2048x514.jpg 2048w\" sizes=\"(max-width: 1024px) 100vw, 1024px\" \/><\/a><\/figure>\n\n\n\n<figure class=\"wp-block-image size-full is-resized\"><a href=\"https:\/\/pnrr.cultura.gov.it\/\" target=\"_blank\" rel=\" noreferrer noopener\"><img decoding=\"async\" width=\"367\" height=\"110\" src=\"http:\/\/archiviodistatodinuoro.cultura.gov.it\/wp-content\/uploads\/2024\/12\/LogoMiC-PNRR.png\" alt=\"\" class=\"wp-image-1689\" style=\"width:270px\" srcset=\"https:\/\/archiviodistatodinuoro.cultura.gov.it\/wp-content\/uploads\/2024\/12\/LogoMiC-PNRR.png 367w, https:\/\/archiviodistatodinuoro.cultura.gov.it\/wp-content\/uploads\/2024\/12\/LogoMiC-PNRR-300x90.png 300w\" sizes=\"(max-width: 367px) 100vw, 367px\" \/><\/a><\/figure>\n\n\n\n<figure class=\"wp-block-image size-large is-resized\"><a href=\"https:\/\/www.italiadomani.gov.it\/it\/home.html\" target=\"_blank\" rel=\" noreferrer noopener\"><img decoding=\"async\" width=\"1024\" height=\"203\" src=\"http:\/\/archiviodistatodinuoro.cultura.gov.it\/wp-content\/uploads\/2024\/12\/Logo-Italiadomani-e1733390793449-1024x203.png\" alt=\"\" class=\"wp-image-1691\" style=\"width:350px\" srcset=\"https:\/\/archiviodistatodinuoro.cultura.gov.it\/wp-content\/uploads\/2024\/12\/Logo-Italiadomani-e1733390793449-1024x203.png 1024w, https:\/\/archiviodistatodinuoro.cultura.gov.it\/wp-content\/uploads\/2024\/12\/Logo-Italiadomani-e1733390793449-300x60.png 300w, https:\/\/archiviodistatodinuoro.cultura.gov.it\/wp-content\/uploads\/2024\/12\/Logo-Italiadomani-e1733390793449-768x153.png 768w, https:\/\/archiviodistatodinuoro.cultura.gov.it\/wp-content\/uploads\/2024\/12\/Logo-Italiadomani-e1733390793449-1536x305.png 1536w, https:\/\/archiviodistatodinuoro.cultura.gov.it\/wp-content\/uploads\/2024\/12\/Logo-Italiadomani-e1733390793449.png 1560w\" sizes=\"(max-width: 1024px) 100vw, 1024px\" \/><\/a><\/figure>\n<\/div>\n\n\n\n<p>Nell&#8217;ambito del <strong>Piano Nazionale di Ripresa e resilienza<\/strong> (<strong>PNRR<\/strong>), Investimento 1.2&nbsp;\u201c<em>Rimozione delle barriere fisiche e cognitive in musei, biblioteche e archivi per consentire un pi\u00f9 ampio accesso e partecipazione alla cultura<\/em>\u201d, Missione 1 \u201c<em>Digitalizzazione, innovazione, competitivit\u00e0 e cultura<\/em>\u201d, Componente 3 \u201cTurismo e Cultura 4.0\u201d (M1C3), Misura 1 \u201c<em>Patrimonio culturale per la prossima generazione<\/em>\u201d, finanziato dall\u2019Unione europea \u2013 NextGenerationEU, l&#8217;Archivio di Stato di Nuoro ha inteso dotarsi di ausili informatici che consentano la fruizione del patrimonio culturale anche alle persone con disabilit\u00e0 sensoriali, offrendo un pi\u00f9 facile accesso al patrimonio documentario dell\u2019Istituto e alla sua consultazione.<\/p>\n\n\n\n<p>Nello specifico, grazie a tale finanziamento, sono stati acquistati appositi strumenti che consentiranno la fruizione del patrimonio archivistico anche a ciechi e ipovedenti.<\/p>\n\n\n\n<p>Anzitutto, l&#8217;acquisto di un <strong>Software per la sintesi vocale <\/strong>e di un apposito <strong>PC desktop<\/strong> con installato tale software, consentiranno all&#8217;utenza di potersi sempre avvalere di un <strong>programma di lettura dello schermo<\/strong> grazie al quale accedere a internet e alle pi\u00f9 comuni applicazioni, potendo esplorare il contenuto dello schermo <strong>sia in voce sia in braille<\/strong>.<\/p>\n\n\n\n<p>Inoltre, l&#8217;acquisto di un <strong>Videoingranditore<\/strong> da 27 pollici, dotato di telecamera e schermo full HD orientabile e regolabile in altezza, con messa a fuoco automatica, sintesi vocale e OCR di elevatissima precisione, consentir\u00e0 di poter apprezzare sullo schermo un ingrandimento fino a 90x della documentazione consultata, nonch\u00e9 di riprodurre testi in 32 diverse lingue con sintesi vocali di alta qualit\u00e0.<\/p>\n\n\n\n<p><a href=\"https:\/\/trasparenza.cultura.gov.it\/archivio105_procedure-dal-01012024_0_6991_566_1.html\" data-type=\"link\" data-id=\"https:\/\/trasparenza.cultura.gov.it\/archivio105_procedure-dal-01012024_0_6991_566_1.html\" target=\"_blank\" rel=\"noreferrer noopener\">Documentazione amministrativa<\/a><\/p>\n\n\n\n<p><br><\/p>\n","protected":false},"excerpt":{"rendered":"<p>Nell&#8217;ambito del Piano Nazionale di Ripresa e resilienza (PNRR), Investimento 1.<\/p>\n","protected":false},"author":1,"featured_media":0,"parent":679,"menu_order":1,"comment_status":"closed","ping_status":"closed","template":"","meta":{"footnotes":""},"tags":[],"class_list":["post-1683","page","type-page","status-publish","hentry"],"_links":{"self":[{"href":"https:\/\/archiviodistatodinuoro.cultura.gov.it\/index.php?rest_route=\/wp\/v2\/pages\/1683","targetHints":{"allow":["GET"]}}],"collection":[{"href":"https:\/\/archiviodistatodinuoro.cultura.gov.it\/index.php?rest_route=\/wp\/v2\/pages"}],"about":[{"href":"https:\/\/archiviodistatodinuoro.cultura.gov.it\/index.php?rest_route=\/wp\/v2\/types\/page"}],"author":[{"embeddable":true,"href":"https:\/\/archiviodistatodinuoro.cultura.gov.it\/index.php?rest_route=\/wp\/v2\/users\/1"}],"replies":[{"embeddable":true,"href":"https:\/\/archiviodistatodinuoro.cultura.gov.it\/index.php?rest_route=%2Fwp%2Fv2%2Fcomments&post=1683"}],"version-history":[{"count":21,"href":"https:\/\/archiviodistatodinuoro.cultura.gov.it\/index.php?rest_route=\/wp\/v2\/pages\/1683\/revisions"}],"predecessor-version":[{"id":1713,"href":"https:\/\/archiviodistatodinuoro.cultura.gov.it\/index.php?rest_route=\/wp\/v2\/pages\/1683\/revisions\/1713"}],"up":[{"embeddable":true,"href":"https:\/\/archiviodistatodinuoro.cultura.gov.it\/index.php?rest_route=\/wp\/v2\/pages\/679"}],"wp:attachment":[{"href":"https:\/\/archiviodistatodinuoro.cultura.gov.it\/index.php?rest_route=%2Fwp%2Fv2%2Fmedia&parent=1683"}],"wp:term":[{"taxonomy":"post_tag","embeddable":true,"href":"https:\/\/archiviodistatodinuoro.cultura.gov.it\/index.php?rest_route=%2Fwp%2Fv2%2Ftags&post=1683"}],"curies":[{"name":"wp","href":"https:\/\/api.w.org\/{rel}","templated":true}]}}