{"id":1508,"date":"2024-05-15T12:49:06","date_gmt":"2024-05-15T10:49:06","guid":{"rendered":"https:\/\/archiviodistatodinuoro.cultura.gov.it\/?page_id=1508"},"modified":"2025-07-23T09:45:34","modified_gmt":"2025-07-23T07:45:34","slug":"richieste-di-riproduzioni-a-scopo-di-pubblicazione","status":"publish","type":"page","link":"https:\/\/archiviodistatodinuoro.cultura.gov.it\/?page_id=1508","title":{"rendered":"Riproduzioni a scopo di pubblicazione"},"content":{"rendered":"\n<h2 class=\"wp-block-heading has-medium-font-size\"><\/h2>\n\n\n\n<p>Nel caso in cui si intenda pubblicare riproduzioni di beni culturali in consegna all&#8217;Istituto, \u00e8 necessario presentare apposita richiesta. Le richieste di riproduzione finalizzate alla pubblicazione sono di due tipi:<\/p>\n\n\n\n<ol start=\"1\" style=\"list-style-type:upper-roman\" class=\"wp-block-list\">\n<li>Pubblicazioni non soggette al pagamento di una tariffa, ma solo a eventuale rimborso spese;<\/li>\n\n\n\n<li>Pubblicazioni soggette al pagamento di una tariffa.<\/li>\n<\/ol>\n\n\n\n<p><strong>I. Pubblicazioni non soggette al pagamento di una tariffa<\/strong>, <strong>ma solo a eventuale rimborso spese<\/strong><\/p>\n\n\n\n<p>Non comportano alcuna tariffa di <strong>pubblicazione<\/strong>, le riproduzioni di beni culturali e il loro riuso ricomprese nei seguenti casi:<\/p>\n\n\n\n<ul class=\"wp-block-list\">\n<li>per <strong>pubblicazioni<\/strong> effettuate a <strong>scopo non lucrativo<\/strong> e non destinate alla vendita;<\/li>\n\n\n\n<li>per la<strong> realizzazione del materiale espositivo<\/strong>, <strong>scientifico<\/strong>, <strong>didattico<\/strong> e <strong>divulgativo<\/strong> di mostre e manifestazioni culturali <em>organizzate da un organo del Ministero<\/em> ovvero<em> da enti pubblici e privati<\/em> <strong>per finalit\u00e0 di valorizzazione<\/strong> del patrimonio culturale <strong>attuate senza scopo di lucro<\/strong>. Nel caso di richieste relative a un elevato numero di immagini, la gratuit\u00e0 pu\u00f2 essere concessa solo nell\u2019ambito di accordi di collaborazione istituzionale. Si precisa che il biglietto di ingresso non \u00e8 di per s\u00e9 sufficiente a caratterizzare una iniziativa di valorizzazione come a fine di lucro, ma va valutato l\u2019insieme delle circostanze in cui si realizza l\u2019iniziativa stessa;<\/li>\n\n\n\n<li>per pubblicazioni in<strong> volumi<\/strong> a cui viene riconosciuto dall\u2019ente concedente un <strong>carattere scientifico<\/strong> (contributi in volume, atti di convegni nazionali ed internazionali) e <strong>accademico<\/strong>;<\/li>\n\n\n\n<li>per pubblicazioni in<strong> volumi<\/strong> e <strong>riviste<\/strong> a cui viene riconosciuto dall\u2019ente concedente un <strong>contenuto divulgativo e didattico<\/strong>;<\/li>\n\n\n\n<li>per pubblicazioni in<strong> cataloghi d\u2019arte<\/strong>, <strong>di mostre e manifestazioni culturali<\/strong> con tiratura <strong>fino a 4000 copie<\/strong>;<\/li>\n\n\n\n<li>per pubblicazioni in<strong> riviste scientifiche<\/strong> e<strong> di Classe A<\/strong> di cui agli elenchi dell\u2019Agenzia nazionale di valutazione del sistema universitario e della ricerca (ANVUR);<\/li>\n\n\n\n<li>per pubblicazioni in<strong> giornali<\/strong> e <strong>periodici<\/strong> nell\u2019esercizio del <strong>diritto-dovere di cronaca<\/strong>;<\/li>\n\n\n\n<li>per<strong> pubblicazioni liberamente accessibili<\/strong> da chiunque senza il pagamento di un prezzo (c.d. open access).<\/li>\n<\/ul>\n\n\n\n<p>\u00c8 comunque previsto il rimborso delle spese sostenute dall&#8217;Amministrazione per l&#8217;eventuale esecuzione delle riproduzioni, secondo quanto indicato nel paragrafo \u201cRiproduzioni richieste all\u2019Amministrazione\u201d della sezione \u201c<a href=\"https:\/\/archiviodistatodinuoro.cultura.gov.it\/?page_id=157\" target=\"_blank\" rel=\"noreferrer noopener\">Fotoriproduzioni<\/a>\u201d.<\/p>\n\n\n\n<p>In questi casi, \u00e8 sufficiente che il richiedente invii alla Direzione di questo Istituto una semplice&nbsp;<strong>comunicazione<\/strong>&nbsp;attraverso l\u2019apposito&nbsp;<a href=\"http:\/\/archiviodistatodinuoro.cultura.gov.it\/wp-content\/uploads\/2024\/04\/Comunicazione_Pubblicazioni.pdf\" target=\"_blank\" rel=\"noreferrer noopener\"><strong>modulo<\/strong><\/a>, senza marca da bollo, e alleghi fotocopia della carta d\u2019identit\u00e0 in corso di validit\u00e0 (ai sensi dell\u2019art. 65 del D. lgs. 82\/2005). Si precisa che in seguito alla comunicazione&nbsp;<strong>non \u00e8 prevista una risposta<\/strong>&nbsp;da parte dell\u2019Archivio di Stato.<\/p>\n\n\n\n<p>Il richiedente dovr\u00e0 consegnare all\u2019Istituto\u00a0<strong>una copia\u00a0<\/strong>dell\u2019elaborato, in formato cartaceo o elettronico (pdf), riportare la\u00a0<strong>segnatura esatta<\/strong>\u00a0del documento e la menzione \u00ab<em>su concessione del Ministero della Cultura &#8211; Archivio di Stato di Nuoro<\/em>\u00bb. In caso di trasmissione telematica, occorre inviare, contestualmente all&#8217;elaborato, l&#8217;apposito <strong><a href=\"http:\/\/archiviodistatodinuoro.cultura.gov.it\/wp-content\/uploads\/2024\/08\/Deposito-Pubblicazioni-e-Tesi-adempimento.pdf\" target=\"_blank\" rel=\"noreferrer noopener\">modulo<\/a> <\/strong>compilato<strong> <\/strong>e una copia del documento d&#8217;identit\u00e0.<\/p>\n\n\n\n<p><strong>II. Pubblicazioni soggette al pagamento di una tariffa<\/strong><\/p>\n\n\n\n<p>Nel caso in cui le riproduzioni di beni culturali e\/o il riuso delle relative copie o immagini siano effettuati al di fuori dei casi di cui al paragrafo precedente, il richiedente \u00e8 tenuto al <strong>pagamento di una tariffa di pubblicazione<\/strong>, calcolata sulla base del <strong><a href=\"http:\/\/archiviodistatodinuoro.cultura.gov.it\/wp-content\/uploads\/2024\/05\/Tariffario.pdf\" target=\"_blank\" rel=\"noreferrer noopener\">Nuovo Tariffario<\/a><\/strong>, voce \u201cPubblicazioni soggette al pagamento di una tariffa\u201d.<\/p>\n\n\n\n<p>In questi casi, il richiedente dovr\u00e0 inviare una <strong>richiesta di&nbsp;autorizzazione<\/strong>&nbsp;alla Direzione dell\u2019Istituto attraverso l\u2019apposito&nbsp;<a href=\"http:\/\/archiviodistatodinuoro.cultura.gov.it\/wp-content\/uploads\/2024\/04\/Autorizzazione-Pubblicazioni.pdf\" target=\"_blank\" rel=\"noreferrer noopener\"><strong>modulo<\/strong><\/a> corredato di&nbsp;<strong>marca da bollo<\/strong>&nbsp;da euro 16,00 opportunamente annullata, ed allegare fotocopia della carta d\u2019identit\u00e0 in corso di validit\u00e0 (ai sensi dell\u2019art. 65 del D.Lgs. 82\/2005). In alternativa l\u2019istanza pu\u00f2 essere bollata elettronicamente mediante il servizio <a href=\"https:\/\/pagonline.cultura.gov.it\/pagamenti-pagopa\/acquista\/bollo.do\" target=\"_blank\" rel=\"noreferrer noopener\">Acquista @e.bollo<\/a> e trasmessa per posta elettronica, unitamente agli allegati richiesti. Si precisa che il pagamento della marca da bollo non \u00e8 dovuto da parte delle amministrazioni dello Stato, Regioni, Province, Comuni, loro consorzi e associazioni, nonch\u00e9 Comunit\u00e0 montane, e delle ONLUS, che possono avvalersi, rispettivamente, dell\u2019esenzione ai sensi della tabella all. B, artt. 27-bis e 16 del DPR 642\/1972.<\/p>\n\n\n\n<p>A seguito della richiesta di autorizzazione, l\u2019<strong>Istituto invier\u00e0 il preventivo<\/strong> calcolato sulla base delle presenti disposizioni. Solo dopo l\u2019avvenuto pagamento si ricever\u00e0 l\u2019autorizzazione alla pubblicazione.<\/p>\n\n\n\n<p>La pubblicazione dovr\u00e0 riportare la&nbsp;<strong>segnatura esatta<\/strong>&nbsp;del documento e la menzione \u00ab<em>su concessione del Ministero della Cultura &#8211; Archivio di Stato di Nuoro<\/em>\u00bb.<\/p>\n\n\n\n<p>Successivamente alla pubblicazione, \u00e8 in ogni caso richiesta la consegna all\u2019Archivio di Stato di Nuoro di una&nbsp;<strong>copia<\/strong>&nbsp;dell\u2019opera prodotta in formato cartaceo o elettronico.<\/p>\n","protected":false},"excerpt":{"rendered":"<p>Nel caso in cui si intenda pubblicare riproduzioni di beni culturali in consegna all&#8217;Istituto, \u00e8 necessario presentare apposita richiesta.<\/p>\n","protected":false},"author":1,"featured_media":0,"parent":685,"menu_order":3,"comment_status":"closed","ping_status":"closed","template":"","meta":{"footnotes":""},"tags":[],"class_list":["post-1508","page","type-page","status-publish","hentry"],"_links":{"self":[{"href":"https:\/\/archiviodistatodinuoro.cultura.gov.it\/index.php?rest_route=\/wp\/v2\/pages\/1508","targetHints":{"allow":["GET"]}}],"collection":[{"href":"https:\/\/archiviodistatodinuoro.cultura.gov.it\/index.php?rest_route=\/wp\/v2\/pages"}],"about":[{"href":"https:\/\/archiviodistatodinuoro.cultura.gov.it\/index.php?rest_route=\/wp\/v2\/types\/page"}],"author":[{"embeddable":true,"href":"https:\/\/archiviodistatodinuoro.cultura.gov.it\/index.php?rest_route=\/wp\/v2\/users\/1"}],"replies":[{"embeddable":true,"href":"https:\/\/archiviodistatodinuoro.cultura.gov.it\/index.php?rest_route=%2Fwp%2Fv2%2Fcomments&post=1508"}],"version-history":[{"count":15,"href":"https:\/\/archiviodistatodinuoro.cultura.gov.it\/index.php?rest_route=\/wp\/v2\/pages\/1508\/revisions"}],"predecessor-version":[{"id":1811,"href":"https:\/\/archiviodistatodinuoro.cultura.gov.it\/index.php?rest_route=\/wp\/v2\/pages\/1508\/revisions\/1811"}],"up":[{"embeddable":true,"href":"https:\/\/archiviodistatodinuoro.cultura.gov.it\/index.php?rest_route=\/wp\/v2\/pages\/685"}],"wp:attachment":[{"href":"https:\/\/archiviodistatodinuoro.cultura.gov.it\/index.php?rest_route=%2Fwp%2Fv2%2Fmedia&parent=1508"}],"wp:term":[{"taxonomy":"post_tag","embeddable":true,"href":"https:\/\/archiviodistatodinuoro.cultura.gov.it\/index.php?rest_route=%2Fwp%2Fv2%2Ftags&post=1508"}],"curies":[{"name":"wp","href":"https:\/\/api.w.org\/{rel}","templated":true}]}}